{"id":392,"date":"2014-11-06T12:42:28","date_gmt":"2014-11-06T12:42:28","guid":{"rendered":"http:\/\/moredadealava.com\/eskaintza-turistikoa\/rutas-por-moreda-y-alrededores\/"},"modified":"2014-11-19T17:05:50","modified_gmt":"2014-11-19T17:05:50","slug":"moreda-eta-inguruetatik-ibilbideak","status":"publish","type":"page","link":"https:\/\/www.moredadealava.com\/eu\/eskaintza-turistikoa\/moreda-eta-inguruetatik-ibilbideak\/","title":{"rendered":"Moreda eta inguruetatik ibilbideak"},"content":{"rendered":"<div class=\"texto\">\n<h2>IBILBIDEAK ERREPIDETIK. BERNEDO-OION<\/h2>\n<p><a href=\"http:\/\/moredadealava.com\/wp-content\/uploads\/2014\/11\/ruta2-foto-la-aldea.jpg\"><img loading=\"lazy\" class=\"alignnone wp-image-127 size-medium\" src=\"http:\/\/moredadealava.com\/wp-content\/uploads\/2014\/11\/ruta2-foto-la-aldea-260x300.jpg\" alt=\"ruta2-foto-la-aldea\" width=\"260\" height=\"300\" \/><\/a><\/p>\n<div class=\"texto\">\n<p>Atal honetan Bernedo-Oion ibilbidea azaltzen da eta Moreda Arabara hurbildu zaitezke.<\/p>\n<p>Hurrengo helbidean track-ak jeitsi ditzakezu:<\/p>\n<p><a href=\"http:\/\/194.30.12.29\/libro\/index.asp?lan=eu\">http:\/\/194.30.12.29\/libro\/index.asp?lan=eu<\/a><\/p>\n<p>&nbsp;<\/p>\n<p><strong>TRACKS<\/strong><\/p>\n<\/div>\n<\/div>\n<div class=\"texto\">\n<ul>\n<li class=\"lista\"><a href=\"http:\/\/moredadealava.com\/descargar.php?file=tracks\/Vallgorguina.gpx\" target=\"_blank\">Track1<\/a><\/li>\n<li class=\"lista\"><a class=\"boprograma\" href=\"http:\/\/infograph.com\/products\/viewers.htm\" target=\"_blank\">Bisorea deskargatu<\/a><\/li>\n<\/ul>\n<p>&nbsp;<\/p>\n<div class=\"texto\">\n<h2>RUTAS EN BICI O A PIE<\/h2>\n<p>A continuaci\u00f3n se muestran las rutas que puedes realizar en la localidad de Moreda de \u00c1lava por los m\u00faltiples caminos rurales que discurren por el t\u00e9rmino municipal.<\/p>\n<\/div>\n<div class=\"texto\">\n<ul>\n<li class=\"lista\"><a href=\"http:\/\/moredadealava.com\/wp-content\/uploads\/2014\/11\/MOREDA-13-rutas-por-Rioja-Alavesa.pdf\">Moreda de \u00c1lava-Barriobusto-Labraza<\/a><\/li>\n<\/ul>\n<\/div>\n<\/div>\n","protected":false},"excerpt":{"rendered":"<p>IBILBIDEAK ERREPIDETIK. BERNEDO-OION Atal honetan Bernedo-Oion ibilbidea azaltzen da eta Moreda Arabara hurbildu zaitezke. Hurrengo helbidean track-ak jeitsi ditzakezu: http:\/\/194.30.12.29\/libro\/index.asp?lan=eu &nbsp; TRACKS Track1 Bisorea deskargatu &nbsp; RUTAS EN BICI O A PIE A continuaci\u00f3n se muestran las rutas que puedes realizar en la localidad de Moreda de \u00c1lava por los m\u00faltiples caminos rurales que discurren &#8230;<\/p>\n","protected":false},"author":2,"featured_media":0,"parent":291,"menu_order":0,"comment_status":"closed","ping_status":"closed","template":"","meta":{"_mi_skip_tracking":false,"_monsterinsights_sitenote_active":false,"_monsterinsights_sitenote_note":"","_monsterinsights_sitenote_category":0,"ngg_post_thumbnail":0},"yoast_head":"<!-- This site is optimized with the Yoast SEO plugin v18.3 - https:\/\/yoast.com\/wordpress\/plugins\/seo\/ -->\n<title>Moreda eta inguruetatik ibilbideak - Moreda Arabako Udala<\/title>\n<meta name=\"robots\" content=\"index, follow, max-snippet:-1, max-image-preview:large, max-video-preview:-1\" \/>\n<link rel=\"canonical\" href=\"https:\/\/www.moredadealava.com\/eu\/eskaintza-turistikoa\/moreda-eta-inguruetatik-ibilbideak\/\" \/>\n<meta property=\"og:locale\" content=\"en_US\" \/>\n<meta property=\"og:type\" content=\"article\" \/>\n<meta property=\"og:title\" content=\"Moreda eta inguruetatik ibilbideak - Moreda Arabako Udala\" \/>\n<meta property=\"og:description\" content=\"IBILBIDEAK ERREPIDETIK. BERNEDO-OION Atal honetan Bernedo-Oion ibilbidea azaltzen da eta Moreda Arabara hurbildu zaitezke. Hurrengo helbidean track-ak jeitsi ditzakezu: http:\/\/194.30.12.29\/libro\/index.asp?lan=eu &nbsp; TRACKS Track1 Bisorea deskargatu &nbsp; RUTAS EN BICI O A PIE A continuaci\u00f3n se muestran las rutas que puedes realizar en la localidad de Moreda de \u00c1lava por los m\u00faltiples caminos rurales que discurren ...\" \/>\n<meta property=\"og:url\" content=\"https:\/\/www.moredadealava.com\/eu\/eskaintza-turistikoa\/moreda-eta-inguruetatik-ibilbideak\/\" \/>\n<meta property=\"og:site_name\" content=\"Moreda Arabako Udala\" \/>\n<meta property=\"article:modified_time\" content=\"2014-11-19T17:05:50+00:00\" \/>\n<meta property=\"og:image\" content=\"http:\/\/moredadealava.com\/wp-content\/uploads\/2014\/11\/ruta2-foto-la-aldea-260x300.jpg\" \/>\n<script type=\"application\/ld+json\" class=\"yoast-schema-graph\">{\"@context\":\"https:\/\/schema.org\",\"@graph\":[{\"@type\":\"WebSite\",\"@id\":\"https:\/\/www.moredadealava.com\/#website\",\"url\":\"https:\/\/www.moredadealava.com\/\",\"name\":\"Moreda Arabako Udala\",\"description\":\"Moreda Arabako Udala\",\"potentialAction\":[{\"@type\":\"SearchAction\",\"target\":{\"@type\":\"EntryPoint\",\"urlTemplate\":\"https:\/\/www.moredadealava.com\/?s={search_term_string}\"},\"query-input\":\"required name=search_term_string\"}],\"inLanguage\":\"eu\"},{\"@type\":\"ImageObject\",\"@id\":\"https:\/\/www.moredadealava.com\/eu\/eskaintza-turistikoa\/moreda-eta-inguruetatik-ibilbideak\/#primaryimage\",\"inLanguage\":\"eu\",\"url\":\"http:\/\/moredadealava.com\/wp-content\/uploads\/2014\/11\/ruta2-foto-la-aldea-260x300.jpg\",\"contentUrl\":\"http:\/\/moredadealava.com\/wp-content\/uploads\/2014\/11\/ruta2-foto-la-aldea-260x300.jpg\"},{\"@type\":\"WebPage\",\"@id\":\"https:\/\/www.moredadealava.com\/eu\/eskaintza-turistikoa\/moreda-eta-inguruetatik-ibilbideak\/#webpage\",\"url\":\"https:\/\/www.moredadealava.com\/eu\/eskaintza-turistikoa\/moreda-eta-inguruetatik-ibilbideak\/\",\"name\":\"Moreda eta inguruetatik ibilbideak - Moreda Arabako Udala\",\"isPartOf\":{\"@id\":\"https:\/\/www.moredadealava.com\/#website\"},\"primaryImageOfPage\":{\"@id\":\"https:\/\/www.moredadealava.com\/eu\/eskaintza-turistikoa\/moreda-eta-inguruetatik-ibilbideak\/#primaryimage\"},\"datePublished\":\"2014-11-06T12:42:28+00:00\",\"dateModified\":\"2014-11-19T17:05:50+00:00\",\"breadcrumb\":{\"@id\":\"https:\/\/www.moredadealava.com\/eu\/eskaintza-turistikoa\/moreda-eta-inguruetatik-ibilbideak\/#breadcrumb\"},\"inLanguage\":\"eu\",\"potentialAction\":[{\"@type\":\"ReadAction\",\"target\":[\"https:\/\/www.moredadealava.com\/eu\/eskaintza-turistikoa\/moreda-eta-inguruetatik-ibilbideak\/\"]}]},{\"@type\":\"BreadcrumbList\",\"@id\":\"https:\/\/www.moredadealava.com\/eu\/eskaintza-turistikoa\/moreda-eta-inguruetatik-ibilbideak\/#breadcrumb\",\"itemListElement\":[{\"@type\":\"ListItem\",\"position\":1,\"name\":\"Portada\",\"item\":\"https:\/\/www.moredadealava.com\/\"},{\"@type\":\"ListItem\",\"position\":2,\"name\":\"Eskaintza Turistikoa\",\"item\":\"https:\/\/www.moredadealava.com\/eu\/eskaintza-turistikoa\/\"},{\"@type\":\"ListItem\",\"position\":3,\"name\":\"Moreda eta inguruetatik ibilbideak\"}]}]}<\/script>\n<!-- \/ Yoast SEO plugin. -->","yoast_head_json":{"title":"Moreda eta inguruetatik ibilbideak - Moreda Arabako Udala","robots":{"index":"index","follow":"follow","max-snippet":"max-snippet:-1","max-image-preview":"max-image-preview:large","max-video-preview":"max-video-preview:-1"},"canonical":"https:\/\/www.moredadealava.com\/eu\/eskaintza-turistikoa\/moreda-eta-inguruetatik-ibilbideak\/","og_locale":"en_US","og_type":"article","og_title":"Moreda eta inguruetatik ibilbideak - Moreda Arabako Udala","og_description":"IBILBIDEAK ERREPIDETIK. BERNEDO-OION Atal honetan Bernedo-Oion ibilbidea azaltzen da eta Moreda Arabara hurbildu zaitezke. Hurrengo helbidean track-ak jeitsi ditzakezu: http:\/\/194.30.12.29\/libro\/index.asp?lan=eu &nbsp; TRACKS Track1 Bisorea deskargatu &nbsp; RUTAS EN BICI O A PIE A continuaci\u00f3n se muestran las rutas que puedes realizar en la localidad de Moreda de \u00c1lava por los m\u00faltiples caminos rurales que discurren ...","og_url":"https:\/\/www.moredadealava.com\/eu\/eskaintza-turistikoa\/moreda-eta-inguruetatik-ibilbideak\/","og_site_name":"Moreda Arabako Udala","article_modified_time":"2014-11-19T17:05:50+00:00","og_image":[{"url":"http:\/\/moredadealava.com\/wp-content\/uploads\/2014\/11\/ruta2-foto-la-aldea-260x300.jpg"}],"schema":{"@context":"https:\/\/schema.org","@graph":[{"@type":"WebSite","@id":"https:\/\/www.moredadealava.com\/#website","url":"https:\/\/www.moredadealava.com\/","name":"Moreda Arabako Udala","description":"Moreda Arabako Udala","potentialAction":[{"@type":"SearchAction","target":{"@type":"EntryPoint","urlTemplate":"https:\/\/www.moredadealava.com\/?s={search_term_string}"},"query-input":"required name=search_term_string"}],"inLanguage":"eu"},{"@type":"ImageObject","@id":"https:\/\/www.moredadealava.com\/eu\/eskaintza-turistikoa\/moreda-eta-inguruetatik-ibilbideak\/#primaryimage","inLanguage":"eu","url":"http:\/\/moredadealava.com\/wp-content\/uploads\/2014\/11\/ruta2-foto-la-aldea-260x300.jpg","contentUrl":"http:\/\/moredadealava.com\/wp-content\/uploads\/2014\/11\/ruta2-foto-la-aldea-260x300.jpg"},{"@type":"WebPage","@id":"https:\/\/www.moredadealava.com\/eu\/eskaintza-turistikoa\/moreda-eta-inguruetatik-ibilbideak\/#webpage","url":"https:\/\/www.moredadealava.com\/eu\/eskaintza-turistikoa\/moreda-eta-inguruetatik-ibilbideak\/","name":"Moreda eta inguruetatik ibilbideak - Moreda Arabako Udala","isPartOf":{"@id":"https:\/\/www.moredadealava.com\/#website"},"primaryImageOfPage":{"@id":"https:\/\/www.moredadealava.com\/eu\/eskaintza-turistikoa\/moreda-eta-inguruetatik-ibilbideak\/#primaryimage"},"datePublished":"2014-11-06T12:42:28+00:00","dateModified":"2014-11-19T17:05:50+00:00","breadcrumb":{"@id":"https:\/\/www.moredadealava.com\/eu\/eskaintza-turistikoa\/moreda-eta-inguruetatik-ibilbideak\/#breadcrumb"},"inLanguage":"eu","potentialAction":[{"@type":"ReadAction","target":["https:\/\/www.moredadealava.com\/eu\/eskaintza-turistikoa\/moreda-eta-inguruetatik-ibilbideak\/"]}]},{"@type":"BreadcrumbList","@id":"https:\/\/www.moredadealava.com\/eu\/eskaintza-turistikoa\/moreda-eta-inguruetatik-ibilbideak\/#breadcrumb","itemListElement":[{"@type":"ListItem","position":1,"name":"Portada","item":"https:\/\/www.moredadealava.com\/"},{"@type":"ListItem","position":2,"name":"Eskaintza Turistikoa","item":"https:\/\/www.moredadealava.com\/eu\/eskaintza-turistikoa\/"},{"@type":"ListItem","position":3,"name":"Moreda eta inguruetatik ibilbideak"}]}]}},"_links":{"self":[{"href":"https:\/\/www.moredadealava.com\/eu\/wp-json\/wp\/v2\/pages\/392"}],"collection":[{"href":"https:\/\/www.moredadealava.com\/eu\/wp-json\/wp\/v2\/pages"}],"about":[{"href":"https:\/\/www.moredadealava.com\/eu\/wp-json\/wp\/v2\/types\/page"}],"author":[{"embeddable":true,"href":"https:\/\/www.moredadealava.com\/eu\/wp-json\/wp\/v2\/users\/2"}],"replies":[{"embeddable":true,"href":"https:\/\/www.moredadealava.com\/eu\/wp-json\/wp\/v2\/comments?post=392"}],"version-history":[{"count":2,"href":"https:\/\/www.moredadealava.com\/eu\/wp-json\/wp\/v2\/pages\/392\/revisions"}],"predecessor-version":[{"id":394,"href":"https:\/\/www.moredadealava.com\/eu\/wp-json\/wp\/v2\/pages\/392\/revisions\/394"}],"up":[{"embeddable":true,"href":"https:\/\/www.moredadealava.com\/eu\/wp-json\/wp\/v2\/pages\/291"}],"wp:attachment":[{"href":"https:\/\/www.moredadealava.com\/eu\/wp-json\/wp\/v2\/media?parent=392"}],"curies":[{"name":"wp","href":"https:\/\/api.w.org\/{rel}","templated":true}]}}