{"id":305,"date":"2014-10-29T12:29:12","date_gmt":"2014-10-29T12:29:12","guid":{"rendered":"http:\/\/moredadealava.com\/udala\/normativas-2014-ayuntamiento-de-moreda-de-alava\/"},"modified":"2014-11-19T00:20:00","modified_gmt":"2014-11-19T00:20:00","slug":"arautegia-moreda-arabako-udala","status":"publish","type":"page","link":"https:\/\/www.moredadealava.com\/eu\/udala\/arautegia-moreda-arabako-udala\/","title":{"rendered":"Arautegia 2014"},"content":{"rendered":"<ol>\n<li style=\"text-align: justify;\">Modificaci\u00f3n de las NNSS.\u00a0ORDEN FORAL 377\/2009, de 17 de julio, de aprobaci\u00f3n definitiva del expediente de 1\u00aa Modificaci\u00f3n Puntual de las Normas Subsidiarias de Planeamiento del municipio de Moreda. <a href=\"http:\/\/www.alava.net\/botha\/Boletines\/2009\/092\/2009_092_05797.pdf\">Descargar pdf<\/a><\/li>\n<li style=\"text-align: justify;\">Modificaci\u00f3n de las NNSS.\u00a0ORDEN FORAL 300\/2011, de 16 de junio, de aprobaci\u00f3n definitiva del expediente de segunda modificaci\u00f3n de las Normas Subsidiarias de Planeamiento del municipio de Moreda, referente a la categor\u00eda de protecci\u00f3n del inmueble situado en el n\u00ba 1 de la calle Cruz.\u00a0<a href=\"http:\/\/www.alava.net\/BOTHA\/Boletines\/2011\/112\/2011_112_05202.pdf\">Descargar pdf<\/a><\/li>\n<li style=\"text-align: justify;\">Modificaci\u00f3n de las NNSS. ORDEN FORAL 211\/2013, de 24 de abril, aprobaci\u00f3n definitiva del expediente de la tercera modificaci\u00f3n de las Normas Subsidiarias de Planeamiento del municipio de Moreda de \u00c1lava.\u00a0<a href=\"http:\/\/www.alava.net\/BOTHA\/Boletines\/2011\/112\/2011_112_05202.pdf\">Descargar pdf<\/a><\/li>\n<\/ol>\n<p style=\"text-align: justify;\">Txakurrak edukitzea arautzen duen Udal Ordenantza.\u00a0<a href=\"http:\/\/www.moredadealava.com\/tramites\/Ordenanzaperrosmoreda.pdf\" target=\"_blank\">Pdf Deskargatu<\/a><\/p>\n","protected":false},"excerpt":{"rendered":"<p>Modificaci\u00f3n de las NNSS.\u00a0ORDEN FORAL 377\/2009, de 17 de julio, de aprobaci\u00f3n definitiva del expediente de 1\u00aa Modificaci\u00f3n Puntual de las Normas Subsidiarias de Planeamiento del municipio de Moreda. Descargar pdf Modificaci\u00f3n de las NNSS.\u00a0ORDEN FORAL 300\/2011, de 16 de junio, de aprobaci\u00f3n definitiva del expediente de segunda modificaci\u00f3n de las Normas Subsidiarias de Planeamiento &#8230;<\/p>\n","protected":false},"author":2,"featured_media":0,"parent":288,"menu_order":0,"comment_status":"closed","ping_status":"closed","template":"","meta":{"_mi_skip_tracking":false,"_monsterinsights_sitenote_active":false,"_monsterinsights_sitenote_note":"","_monsterinsights_sitenote_category":0,"ngg_post_thumbnail":0},"yoast_head":"<!-- This site is optimized with the Yoast SEO plugin v18.3 - https:\/\/yoast.com\/wordpress\/plugins\/seo\/ -->\n<title>Arautegia 2014 - Moreda Arabako Udala<\/title>\n<meta name=\"robots\" content=\"index, follow, max-snippet:-1, max-image-preview:large, max-video-preview:-1\" \/>\n<link rel=\"canonical\" href=\"https:\/\/www.moredadealava.com\/eu\/udala\/arautegia-moreda-arabako-udala\/\" \/>\n<meta property=\"og:locale\" content=\"en_US\" \/>\n<meta property=\"og:type\" content=\"article\" \/>\n<meta property=\"og:title\" content=\"Arautegia 2014 - Moreda Arabako Udala\" \/>\n<meta property=\"og:description\" content=\"Modificaci\u00f3n de las NNSS.\u00a0ORDEN FORAL 377\/2009, de 17 de julio, de aprobaci\u00f3n definitiva del expediente de 1\u00aa Modificaci\u00f3n Puntual de las Normas Subsidiarias de Planeamiento del municipio de Moreda. Descargar pdf Modificaci\u00f3n de las NNSS.\u00a0ORDEN FORAL 300\/2011, de 16 de junio, de aprobaci\u00f3n definitiva del expediente de segunda modificaci\u00f3n de las Normas Subsidiarias de Planeamiento ...\" \/>\n<meta property=\"og:url\" content=\"https:\/\/www.moredadealava.com\/eu\/udala\/arautegia-moreda-arabako-udala\/\" \/>\n<meta property=\"og:site_name\" content=\"Moreda Arabako Udala\" \/>\n<meta property=\"article:modified_time\" content=\"2014-11-19T00:20:00+00:00\" \/>\n<meta name=\"twitter:label1\" content=\"Est. reading time\" \/>\n\t<meta name=\"twitter:data1\" content=\"1 minutua\" \/>\n<script type=\"application\/ld+json\" class=\"yoast-schema-graph\">{\"@context\":\"https:\/\/schema.org\",\"@graph\":[{\"@type\":\"WebSite\",\"@id\":\"https:\/\/www.moredadealava.com\/#website\",\"url\":\"https:\/\/www.moredadealava.com\/\",\"name\":\"Moreda Arabako Udala\",\"description\":\"Moreda Arabako Udala\",\"potentialAction\":[{\"@type\":\"SearchAction\",\"target\":{\"@type\":\"EntryPoint\",\"urlTemplate\":\"https:\/\/www.moredadealava.com\/?s={search_term_string}\"},\"query-input\":\"required name=search_term_string\"}],\"inLanguage\":\"eu\"},{\"@type\":\"WebPage\",\"@id\":\"https:\/\/www.moredadealava.com\/eu\/udala\/arautegia-moreda-arabako-udala\/#webpage\",\"url\":\"https:\/\/www.moredadealava.com\/eu\/udala\/arautegia-moreda-arabako-udala\/\",\"name\":\"Arautegia 2014 - Moreda Arabako Udala\",\"isPartOf\":{\"@id\":\"https:\/\/www.moredadealava.com\/#website\"},\"datePublished\":\"2014-10-29T12:29:12+00:00\",\"dateModified\":\"2014-11-19T00:20:00+00:00\",\"breadcrumb\":{\"@id\":\"https:\/\/www.moredadealava.com\/eu\/udala\/arautegia-moreda-arabako-udala\/#breadcrumb\"},\"inLanguage\":\"eu\",\"potentialAction\":[{\"@type\":\"ReadAction\",\"target\":[\"https:\/\/www.moredadealava.com\/eu\/udala\/arautegia-moreda-arabako-udala\/\"]}]},{\"@type\":\"BreadcrumbList\",\"@id\":\"https:\/\/www.moredadealava.com\/eu\/udala\/arautegia-moreda-arabako-udala\/#breadcrumb\",\"itemListElement\":[{\"@type\":\"ListItem\",\"position\":1,\"name\":\"Portada\",\"item\":\"https:\/\/www.moredadealava.com\/\"},{\"@type\":\"ListItem\",\"position\":2,\"name\":\"Udala\",\"item\":\"https:\/\/www.moredadealava.com\/eu\/udala\/\"},{\"@type\":\"ListItem\",\"position\":3,\"name\":\"Arautegia 2014\"}]}]}<\/script>\n<!-- \/ Yoast SEO plugin. -->","yoast_head_json":{"title":"Arautegia 2014 - Moreda Arabako Udala","robots":{"index":"index","follow":"follow","max-snippet":"max-snippet:-1","max-image-preview":"max-image-preview:large","max-video-preview":"max-video-preview:-1"},"canonical":"https:\/\/www.moredadealava.com\/eu\/udala\/arautegia-moreda-arabako-udala\/","og_locale":"en_US","og_type":"article","og_title":"Arautegia 2014 - Moreda Arabako Udala","og_description":"Modificaci\u00f3n de las NNSS.\u00a0ORDEN FORAL 377\/2009, de 17 de julio, de aprobaci\u00f3n definitiva del expediente de 1\u00aa Modificaci\u00f3n Puntual de las Normas Subsidiarias de Planeamiento del municipio de Moreda. Descargar pdf Modificaci\u00f3n de las NNSS.\u00a0ORDEN FORAL 300\/2011, de 16 de junio, de aprobaci\u00f3n definitiva del expediente de segunda modificaci\u00f3n de las Normas Subsidiarias de Planeamiento ...","og_url":"https:\/\/www.moredadealava.com\/eu\/udala\/arautegia-moreda-arabako-udala\/","og_site_name":"Moreda Arabako Udala","article_modified_time":"2014-11-19T00:20:00+00:00","twitter_misc":{"Est. reading time":"1 minutua"},"schema":{"@context":"https:\/\/schema.org","@graph":[{"@type":"WebSite","@id":"https:\/\/www.moredadealava.com\/#website","url":"https:\/\/www.moredadealava.com\/","name":"Moreda Arabako Udala","description":"Moreda Arabako Udala","potentialAction":[{"@type":"SearchAction","target":{"@type":"EntryPoint","urlTemplate":"https:\/\/www.moredadealava.com\/?s={search_term_string}"},"query-input":"required name=search_term_string"}],"inLanguage":"eu"},{"@type":"WebPage","@id":"https:\/\/www.moredadealava.com\/eu\/udala\/arautegia-moreda-arabako-udala\/#webpage","url":"https:\/\/www.moredadealava.com\/eu\/udala\/arautegia-moreda-arabako-udala\/","name":"Arautegia 2014 - Moreda Arabako Udala","isPartOf":{"@id":"https:\/\/www.moredadealava.com\/#website"},"datePublished":"2014-10-29T12:29:12+00:00","dateModified":"2014-11-19T00:20:00+00:00","breadcrumb":{"@id":"https:\/\/www.moredadealava.com\/eu\/udala\/arautegia-moreda-arabako-udala\/#breadcrumb"},"inLanguage":"eu","potentialAction":[{"@type":"ReadAction","target":["https:\/\/www.moredadealava.com\/eu\/udala\/arautegia-moreda-arabako-udala\/"]}]},{"@type":"BreadcrumbList","@id":"https:\/\/www.moredadealava.com\/eu\/udala\/arautegia-moreda-arabako-udala\/#breadcrumb","itemListElement":[{"@type":"ListItem","position":1,"name":"Portada","item":"https:\/\/www.moredadealava.com\/"},{"@type":"ListItem","position":2,"name":"Udala","item":"https:\/\/www.moredadealava.com\/eu\/udala\/"},{"@type":"ListItem","position":3,"name":"Arautegia 2014"}]}]}},"_links":{"self":[{"href":"https:\/\/www.moredadealava.com\/eu\/wp-json\/wp\/v2\/pages\/305"}],"collection":[{"href":"https:\/\/www.moredadealava.com\/eu\/wp-json\/wp\/v2\/pages"}],"about":[{"href":"https:\/\/www.moredadealava.com\/eu\/wp-json\/wp\/v2\/types\/page"}],"author":[{"embeddable":true,"href":"https:\/\/www.moredadealava.com\/eu\/wp-json\/wp\/v2\/users\/2"}],"replies":[{"embeddable":true,"href":"https:\/\/www.moredadealava.com\/eu\/wp-json\/wp\/v2\/comments?post=305"}],"version-history":[{"count":4,"href":"https:\/\/www.moredadealava.com\/eu\/wp-json\/wp\/v2\/pages\/305\/revisions"}],"predecessor-version":[{"id":309,"href":"https:\/\/www.moredadealava.com\/eu\/wp-json\/wp\/v2\/pages\/305\/revisions\/309"}],"up":[{"embeddable":true,"href":"https:\/\/www.moredadealava.com\/eu\/wp-json\/wp\/v2\/pages\/288"}],"wp:attachment":[{"href":"https:\/\/www.moredadealava.com\/eu\/wp-json\/wp\/v2\/media?parent=305"}],"curies":[{"name":"wp","href":"https:\/\/api.w.org\/{rel}","templated":true}]}}