{"id":1258,"date":"2017-10-11T10:37:53","date_gmt":"2017-10-11T09:37:53","guid":{"rendered":"http:\/\/www.moredadealava.com\/udala\/pgou\/"},"modified":"2017-10-21T06:31:06","modified_gmt":"2017-10-21T05:31:06","slug":"pgou","status":"publish","type":"page","link":"https:\/\/www.moredadealava.com\/eu\/udala\/pgou\/","title":{"rendered":"PGOU"},"content":{"rendered":"<p><img loading=\"lazy\" class=\"alignnone size-full wp-image-1270\" src=\"http:\/\/www.moredadealava.com\/wp-content\/uploads\/2017\/10\/LogoPgou.jpg\" alt=\"LogoPgou\" width=\"500\" height=\"257\" srcset=\"https:\/\/www.moredadealava.com\/wp-content\/uploads\/2017\/10\/LogoPgou.jpg 500w, https:\/\/www.moredadealava.com\/wp-content\/uploads\/2017\/10\/LogoPgou-300x154.jpg 300w\" sizes=\"(max-width: 500px) 100vw, 500px\" \/><\/p>\n<p><strong>EAE-Evaluaci\u00f3n ambiental estrat\u00e9gica<\/strong><\/p>\n<ul>\n<li><a href=\"http:\/\/www.moredadealava.com\/wp-content\/uploads\/2017\/10\/Doc_Sintesis_EAE-1.pdf\" target=\"_blank\">Doc S\u00edntesis EAE<\/a><\/li>\n<li><a href=\"http:\/\/www.moredadealava.com\/wp-content\/uploads\/2017\/10\/EAE_PGOU_Moreda.pdf\" target=\"_blank\">EAE PGOU Moreda<\/a><\/li>\n<\/ul>\n<p><strong>PGOU Moreda de \u00c1lava AI julio 2017<\/strong><\/p>\n<ul>\n<li>Planos\n<ul>\n<li>Informaci\u00f3n\n<ul>\n<li><a href=\"http:\/\/www.moredadealava.com\/wp-content\/uploads\/2017\/10\/I1.pdf\" target=\"_blank\">I1.pdf<\/a><\/li>\n<li><a href=\"http:\/\/www.moredadealava.com\/wp-content\/uploads\/2017\/10\/I2.pdf\" target=\"_blank\">I2.pdf<\/a><\/li>\n<li><a href=\"http:\/\/www.moredadealava.com\/wp-content\/uploads\/2017\/10\/IA11.pdf\" target=\"_blank\">IA11.pdf<\/a><\/li>\n<li><a href=\"http:\/\/www.moredadealava.com\/wp-content\/uploads\/2017\/10\/IA12.pdf\" target=\"_blank\">IA12.pdf<\/a><\/li>\n<li><a href=\"http:\/\/www.moredadealava.com\/wp-content\/uploads\/2017\/10\/IB11.pdf\" target=\"_blank\">IB11.pdf<\/a><\/li>\n<li><a href=\"http:\/\/www.moredadealava.com\/wp-content\/uploads\/2017\/10\/IB12.pdf\" target=\"_blank\">IB12.pdf<\/a><\/li>\n<li><a href=\"http:\/\/www.moredadealava.com\/wp-content\/uploads\/2017\/10\/IC11.pdf\" target=\"_blank\">IC11.pdf<\/a><\/li>\n<li><a href=\"http:\/\/www.moredadealava.com\/wp-content\/uploads\/2017\/10\/IC12.pdf\" target=\"_blank\">IC12.pdf<\/a><\/li>\n<li><a href=\"http:\/\/www.moredadealava.com\/wp-content\/uploads\/2017\/10\/ID11.pdf\" target=\"_blank\">ID11.pdf<\/a><\/li>\n<li><a href=\"http:\/\/www.moredadealava.com\/wp-content\/uploads\/2017\/10\/ID12.pdf\" target=\"_blank\">ID12.pdf<\/a><\/li>\n<li><a href=\"http:\/\/www.moredadealava.com\/wp-content\/uploads\/2017\/10\/ID21.pdf\" target=\"_blank\">ID21.pdf<\/a><\/li>\n<li><a href=\"http:\/\/www.moredadealava.com\/wp-content\/uploads\/2017\/10\/ID22.pdf\" target=\"_blank\">ID22.pdf<\/a><\/li>\n<li><a href=\"http:\/\/www.moredadealava.com\/wp-content\/uploads\/2017\/10\/ID31.pdf\" target=\"_blank\">ID31.pdf<\/a><\/li>\n<li><a href=\"http:\/\/www.moredadealava.com\/wp-content\/uploads\/2017\/10\/ID32.pdf\" target=\"_blank\">ID32.pdf<\/a><\/li>\n<\/ul>\n<\/li>\n<li>Ordenaci\u00f3n\n<ul>\n<li><a href=\"http:\/\/www.moredadealava.com\/wp-content\/uploads\/2017\/10\/OC11.pdf\">OC11.pdf<\/a><\/li>\n<li><a href=\"http:\/\/www.moredadealava.com\/wp-content\/uploads\/2017\/10\/OC12.pdf\">OC12.pdf<\/a><\/li>\n<li><a href=\"http:\/\/www.moredadealava.com\/wp-content\/uploads\/2017\/10\/OE11.pdf\">OE11.pdf<\/a><\/li>\n<li><a href=\"http:\/\/www.moredadealava.com\/wp-content\/uploads\/2017\/10\/OE12.pdf\" target=\"_blank\">OE12.pdf<\/a><\/li>\n<li><a href=\"http:\/\/www.moredadealava.com\/wp-content\/uploads\/2017\/10\/OE13.pdf\" target=\"_blank\">OE13.pdf<\/a><\/li>\n<li><a href=\"http:\/\/www.moredadealava.com\/wp-content\/uploads\/2017\/10\/OE14.pdf\" target=\"_blank\">OE14.pdf<\/a><\/li>\n<li><a href=\"http:\/\/www.moredadealava.com\/wp-content\/uploads\/2017\/10\/OE15.pdf\" target=\"_blank\">OE15.pdf<\/a><\/li>\n<li><a href=\"http:\/\/www.moredadealava.com\/wp-content\/uploads\/2017\/10\/OE21.pdf\" target=\"_blank\">OE21.pdf<\/a><\/li>\n<li><a href=\"http:\/\/www.moredadealava.com\/wp-content\/uploads\/2017\/10\/OE22.pdf\" target=\"_blank\">OE22.pdf<\/a><\/li>\n<li><a href=\"http:\/\/www.moredadealava.com\/wp-content\/uploads\/2017\/10\/OE31.pdf\" target=\"_blank\">OE31.pdf<\/a><\/li>\n<li><a href=\"http:\/\/www.moredadealava.com\/wp-content\/uploads\/2017\/10\/OE32.pdf\" target=\"_blank\">OE32.pdf<\/a><\/li>\n<li><a href=\"http:\/\/www.moredadealava.com\/wp-content\/uploads\/2017\/10\/OE41.pdf\" target=\"_blank\">OE41.pdf<\/a><\/li>\n<li><a href=\"http:\/\/www.moredadealava.com\/wp-content\/uploads\/2017\/10\/OE42.pdf\" target=\"_blank\">OE42.pdf<\/a><\/li>\n<li><a href=\"http:\/\/www.moredadealava.com\/wp-content\/uploads\/2017\/10\/OE51.pdf\" target=\"_blank\">OE51.pdf<\/a><\/li>\n<li><a href=\"http:\/\/www.moredadealava.com\/wp-content\/uploads\/2017\/10\/OE52.pdf\" target=\"_blank\">OE52.pdf<\/a><\/li>\n<li><a href=\"http:\/\/www.moredadealava.com\/wp-content\/uploads\/2017\/10\/OE53.pdf\" target=\"_blank\">OE53.pdf<\/a><\/li>\n<li><a href=\"http:\/\/www.moredadealava.com\/wp-content\/uploads\/2017\/10\/OE54.pdf\" target=\"_blank\">OE54.pdf<\/a><\/li>\n<li><a href=\"http:\/\/www.moredadealava.com\/wp-content\/uploads\/2017\/10\/OE55.pdf\" target=\"_blank\">OE55.pdf<\/a><\/li>\n<li><a href=\"http:\/\/www.moredadealava.com\/wp-content\/uploads\/2017\/10\/OE61.pdf\" target=\"_blank\">OE61.pdf<\/a><\/li>\n<li><a href=\"http:\/\/www.moredadealava.com\/wp-content\/uploads\/2017\/10\/OE62.pdf\" target=\"_blank\">OE62.pdf<\/a><\/li>\n<li><a href=\"http:\/\/www.moredadealava.com\/wp-content\/uploads\/2017\/10\/OE63.pdf\" target=\"_blank\">OE63.pdf<\/a><\/li>\n<li><a href=\"http:\/\/www.moredadealava.com\/wp-content\/uploads\/2017\/10\/OE64.pdf\" target=\"_blank\">OE64.pdf<\/a><\/li>\n<li><a href=\"http:\/\/www.moredadealava.com\/wp-content\/uploads\/2017\/10\/OE65.pdf\" target=\"_blank\">OE65.pdf<\/a><\/li>\n<li><a href=\"http:\/\/www.moredadealava.com\/wp-content\/uploads\/2017\/10\/OE71.pdf\" target=\"_blank\">OE71.pdf<\/a><\/li>\n<li><a href=\"http:\/\/www.moredadealava.com\/wp-content\/uploads\/2017\/10\/OE72.pdf\" target=\"_blank\">OE72.pdf<\/a><\/li>\n<li><a href=\"http:\/\/www.moredadealava.com\/wp-content\/uploads\/2017\/10\/OE73.pdf\" target=\"_blank\">OE73.pdf<\/a><\/li>\n<li><a href=\"http:\/\/www.moredadealava.com\/wp-content\/uploads\/2017\/10\/OE74.pdf\" target=\"_blank\">OE74.pdf<\/a><\/li>\n<li><a href=\"http:\/\/www.moredadealava.com\/wp-content\/uploads\/2017\/10\/OE75.pdf\" target=\"_blank\">OE75.pdf<\/a><\/li>\n<li><a href=\"http:\/\/www.moredadealava.com\/wp-content\/uploads\/2017\/10\/OP11.pdf\" target=\"_blank\">OP11.pdf<\/a><\/li>\n<li><a href=\"http:\/\/www.moredadealava.com\/wp-content\/uploads\/2017\/10\/OP12.pdf\" target=\"_blank\">OP12.pdf<\/a><\/li>\n<li><a href=\"http:\/\/www.moredadealava.com\/wp-content\/uploads\/2017\/10\/OP13.pdf\" target=\"_blank\">OP13.pdf<\/a><\/li>\n<li><a href=\"http:\/\/www.moredadealava.com\/wp-content\/uploads\/2017\/10\/OP14.pdf\" target=\"_blank\">OP14.pdf<\/a><\/li>\n<li><a href=\"http:\/\/www.moredadealava.com\/wp-content\/uploads\/2017\/10\/OP15.pdf\" target=\"_blank\">OP15.pdf<\/a><\/li>\n<li><a href=\"http:\/\/www.moredadealava.com\/wp-content\/uploads\/2017\/10\/OP16.pdf\" target=\"_blank\">OP16.pdf<\/a><\/li>\n<li><a href=\"http:\/\/www.moredadealava.com\/wp-content\/uploads\/2017\/10\/OP17.pdf\" target=\"_blank\">OP17.pdf<\/a><\/li>\n<li><a href=\"http:\/\/www.moredadealava.com\/wp-content\/uploads\/2017\/10\/OP21.pdf\" target=\"_blank\">OP21.pdf<\/a><\/li>\n<li><a href=\"http:\/\/www.moredadealava.com\/wp-content\/uploads\/2017\/10\/OP22.pdf\" target=\"_blank\">OP22.pdf<\/a><\/li>\n<li><a href=\"http:\/\/www.moredadealava.com\/wp-content\/uploads\/2017\/10\/OP31.pdf\" target=\"_blank\">OP31.pdf<\/a><\/li>\n<li><a href=\"http:\/\/www.moredadealava.com\/wp-content\/uploads\/2017\/10\/OP32.pdf\" target=\"_blank\">OP32.pdf<\/a><\/li>\n<li><a href=\"http:\/\/www.moredadealava.com\/wp-content\/uploads\/2017\/10\/OP41.pdf\" target=\"_blank\">OP41.pdf<\/a><\/li>\n<li><a href=\"http:\/\/www.moredadealava.com\/wp-content\/uploads\/2017\/10\/OP42.pdf\" target=\"_blank\">OP42.pdf<\/a><\/li>\n<li><a href=\"http:\/\/www.moredadealava.com\/wp-content\/uploads\/2017\/10\/OP51.pdf\" target=\"_blank\">OP51.pdf<\/a><\/li>\n<li><a href=\"http:\/\/www.moredadealava.com\/wp-content\/uploads\/2017\/10\/OP52.pdf\" target=\"_blank\">OP52.pdf<\/a><\/li>\n<\/ul>\n<\/li>\n<\/ul>\n<\/li>\n<li>Texto\n<ul>\n<li><a href=\"http:\/\/www.moredadealava.com\/wp-content\/uploads\/2017\/10\/02-Memoria-Ordenaci\u00f3n-PG-Moreda-de-Alava-1.pdf\" target=\"_blank\">02 Memoria Ordenaci\u00f3n PG Moreda de \u00c1lava<\/a><\/li>\n<li><a href=\"http:\/\/www.moredadealava.com\/wp-content\/uploads\/2017\/10\/04-Normativa-GENERAL-PG-Moreda-de-Alava-1.pdf\" target=\"_blank\">04 Normativa GENERAL PG Moreda de \u00c1lava<\/a><\/li>\n<li><a href=\"http:\/\/www.moredadealava.com\/wp-content\/uploads\/2017\/10\/05-Ordenanza-de-Edificaci\u00f3n-PG-Moreda-de-Alava-1.pdf\" target=\"_blank\">05 Ordenanza de Edificaci\u00f3n PG Moreda de \u00c1lava<\/a><\/li>\n<li><a href=\"http:\/\/www.moredadealava.com\/wp-content\/uploads\/2017\/10\/06-Ordenanza-Urbanizaci\u00f3n-PG-Moreda-de-Alava-1.pdf\" target=\"_blank\">06 Ordenanza Urbanizaci\u00f3n PG Moreda de \u00c1lava<\/a><\/li>\n<li><a href=\"http:\/\/www.moredadealava.com\/wp-content\/uploads\/2017\/10\/07-Catalogo-proteccion-patrimonio-PG-Moreda-de-Alava.pdf\" target=\"_blank\">07 Catalogo proteccion patrimonio PG Moreda de \u00c1lava<\/a><\/li>\n<li><a href=\"http:\/\/www.moredadealava.com\/wp-content\/uploads\/2017\/10\/08-Programa-de-ejecuci\u00f3n-y-estudio-econ\u00f3mico-y-financiero-PG-Moreda-de-Alava-1.pdf\" target=\"_blank\">08 Programa de ejecuci\u00f3n y estudio econ\u00f3mico y financiero PG Moreda de \u00c1lava<\/a><\/li>\n<li><a href=\"http:\/\/www.moredadealava.com\/wp-content\/uploads\/2017\/10\/09-Memoria-de-Sostenibilidad-Econ\u00f3mica-PG-Moreda-de-Alava-1.pdf\" target=\"_blank\">09 Memoria de Sostenibilidad Econ\u00f3mica PG Moreda de \u00c1lava<\/a><\/li>\n<\/ul>\n<\/li>\n<\/ul>\n","protected":false},"excerpt":{"rendered":"<p>EAE-Evaluaci\u00f3n ambiental estrat\u00e9gica Doc S\u00edntesis EAE EAE PGOU Moreda PGOU Moreda de \u00c1lava AI julio 2017 Planos Informaci\u00f3n I1.pdf I2.pdf IA11.pdf IA12.pdf IB11.pdf IB12.pdf IC11.pdf IC12.pdf ID11.pdf ID12.pdf ID21.pdf ID22.pdf ID31.pdf ID32.pdf Ordenaci\u00f3n OC11.pdf OC12.pdf OE11.pdf OE12.pdf OE13.pdf OE14.pdf OE15.pdf OE21.pdf OE22.pdf OE31.pdf OE32.pdf OE41.pdf OE42.pdf OE51.pdf OE52.pdf OE53.pdf OE54.pdf OE55.pdf OE61.pdf OE62.pdf OE63.pdf OE64.pdf &#8230;<\/p>\n","protected":false},"author":2,"featured_media":0,"parent":288,"menu_order":0,"comment_status":"closed","ping_status":"closed","template":"","meta":{"_mi_skip_tracking":false,"_monsterinsights_sitenote_active":false,"_monsterinsights_sitenote_note":"","_monsterinsights_sitenote_category":0,"ngg_post_thumbnail":0},"yoast_head":"<!-- This site is optimized with the Yoast SEO plugin v18.3 - https:\/\/yoast.com\/wordpress\/plugins\/seo\/ -->\n<title>PGOU - Moreda Arabako Udala<\/title>\n<meta name=\"robots\" content=\"index, follow, max-snippet:-1, max-image-preview:large, max-video-preview:-1\" \/>\n<link rel=\"canonical\" href=\"https:\/\/www.moredadealava.com\/eu\/udala\/pgou\/\" \/>\n<meta property=\"og:locale\" content=\"en_US\" \/>\n<meta property=\"og:type\" content=\"article\" \/>\n<meta property=\"og:title\" content=\"PGOU - Moreda Arabako Udala\" \/>\n<meta property=\"og:description\" content=\"EAE-Evaluaci\u00f3n ambiental estrat\u00e9gica Doc S\u00edntesis EAE EAE PGOU Moreda PGOU Moreda de \u00c1lava AI julio 2017 Planos Informaci\u00f3n I1.pdf I2.pdf IA11.pdf IA12.pdf IB11.pdf IB12.pdf IC11.pdf IC12.pdf ID11.pdf ID12.pdf ID21.pdf ID22.pdf ID31.pdf ID32.pdf Ordenaci\u00f3n OC11.pdf OC12.pdf OE11.pdf OE12.pdf OE13.pdf OE14.pdf OE15.pdf OE21.pdf OE22.pdf OE31.pdf OE32.pdf OE41.pdf OE42.pdf OE51.pdf OE52.pdf OE53.pdf OE54.pdf OE55.pdf OE61.pdf OE62.pdf OE63.pdf OE64.pdf ...\" \/>\n<meta property=\"og:url\" content=\"https:\/\/www.moredadealava.com\/eu\/udala\/pgou\/\" \/>\n<meta property=\"og:site_name\" content=\"Moreda Arabako Udala\" \/>\n<meta property=\"article:modified_time\" content=\"2017-10-21T05:31:06+00:00\" \/>\n<meta property=\"og:image\" content=\"http:\/\/www.moredadealava.com\/wp-content\/uploads\/2017\/10\/LogoPgou.jpg\" \/>\n<meta name=\"twitter:label1\" content=\"Est. reading time\" \/>\n\t<meta name=\"twitter:data1\" content=\"1 minutua\" \/>\n<script type=\"application\/ld+json\" class=\"yoast-schema-graph\">{\"@context\":\"https:\/\/schema.org\",\"@graph\":[{\"@type\":\"WebSite\",\"@id\":\"https:\/\/www.moredadealava.com\/#website\",\"url\":\"https:\/\/www.moredadealava.com\/\",\"name\":\"Moreda Arabako Udala\",\"description\":\"Moreda Arabako Udala\",\"potentialAction\":[{\"@type\":\"SearchAction\",\"target\":{\"@type\":\"EntryPoint\",\"urlTemplate\":\"https:\/\/www.moredadealava.com\/?s={search_term_string}\"},\"query-input\":\"required name=search_term_string\"}],\"inLanguage\":\"eu\"},{\"@type\":\"ImageObject\",\"@id\":\"https:\/\/www.moredadealava.com\/eu\/udala\/pgou\/#primaryimage\",\"inLanguage\":\"eu\",\"url\":\"https:\/\/www.moredadealava.com\/wp-content\/uploads\/2017\/10\/LogoPgou.jpg\",\"contentUrl\":\"https:\/\/www.moredadealava.com\/wp-content\/uploads\/2017\/10\/LogoPgou.jpg\",\"width\":500,\"height\":257},{\"@type\":\"WebPage\",\"@id\":\"https:\/\/www.moredadealava.com\/eu\/udala\/pgou\/#webpage\",\"url\":\"https:\/\/www.moredadealava.com\/eu\/udala\/pgou\/\",\"name\":\"PGOU - Moreda Arabako Udala\",\"isPartOf\":{\"@id\":\"https:\/\/www.moredadealava.com\/#website\"},\"primaryImageOfPage\":{\"@id\":\"https:\/\/www.moredadealava.com\/eu\/udala\/pgou\/#primaryimage\"},\"datePublished\":\"2017-10-11T09:37:53+00:00\",\"dateModified\":\"2017-10-21T05:31:06+00:00\",\"breadcrumb\":{\"@id\":\"https:\/\/www.moredadealava.com\/eu\/udala\/pgou\/#breadcrumb\"},\"inLanguage\":\"eu\",\"potentialAction\":[{\"@type\":\"ReadAction\",\"target\":[\"https:\/\/www.moredadealava.com\/eu\/udala\/pgou\/\"]}]},{\"@type\":\"BreadcrumbList\",\"@id\":\"https:\/\/www.moredadealava.com\/eu\/udala\/pgou\/#breadcrumb\",\"itemListElement\":[{\"@type\":\"ListItem\",\"position\":1,\"name\":\"Portada\",\"item\":\"https:\/\/www.moredadealava.com\/\"},{\"@type\":\"ListItem\",\"position\":2,\"name\":\"Udala\",\"item\":\"https:\/\/www.moredadealava.com\/eu\/udala\/\"},{\"@type\":\"ListItem\",\"position\":3,\"name\":\"PGOU\"}]}]}<\/script>\n<!-- \/ Yoast SEO plugin. -->","yoast_head_json":{"title":"PGOU - Moreda Arabako Udala","robots":{"index":"index","follow":"follow","max-snippet":"max-snippet:-1","max-image-preview":"max-image-preview:large","max-video-preview":"max-video-preview:-1"},"canonical":"https:\/\/www.moredadealava.com\/eu\/udala\/pgou\/","og_locale":"en_US","og_type":"article","og_title":"PGOU - Moreda Arabako Udala","og_description":"EAE-Evaluaci\u00f3n ambiental estrat\u00e9gica Doc S\u00edntesis EAE EAE PGOU Moreda PGOU Moreda de \u00c1lava AI julio 2017 Planos Informaci\u00f3n I1.pdf I2.pdf IA11.pdf IA12.pdf IB11.pdf IB12.pdf IC11.pdf IC12.pdf ID11.pdf ID12.pdf ID21.pdf ID22.pdf ID31.pdf ID32.pdf Ordenaci\u00f3n OC11.pdf OC12.pdf OE11.pdf OE12.pdf OE13.pdf OE14.pdf OE15.pdf OE21.pdf OE22.pdf OE31.pdf OE32.pdf OE41.pdf OE42.pdf OE51.pdf OE52.pdf OE53.pdf OE54.pdf OE55.pdf OE61.pdf OE62.pdf OE63.pdf OE64.pdf ...","og_url":"https:\/\/www.moredadealava.com\/eu\/udala\/pgou\/","og_site_name":"Moreda Arabako Udala","article_modified_time":"2017-10-21T05:31:06+00:00","og_image":[{"url":"http:\/\/www.moredadealava.com\/wp-content\/uploads\/2017\/10\/LogoPgou.jpg"}],"twitter_misc":{"Est. reading time":"1 minutua"},"schema":{"@context":"https:\/\/schema.org","@graph":[{"@type":"WebSite","@id":"https:\/\/www.moredadealava.com\/#website","url":"https:\/\/www.moredadealava.com\/","name":"Moreda Arabako Udala","description":"Moreda Arabako Udala","potentialAction":[{"@type":"SearchAction","target":{"@type":"EntryPoint","urlTemplate":"https:\/\/www.moredadealava.com\/?s={search_term_string}"},"query-input":"required name=search_term_string"}],"inLanguage":"eu"},{"@type":"ImageObject","@id":"https:\/\/www.moredadealava.com\/eu\/udala\/pgou\/#primaryimage","inLanguage":"eu","url":"https:\/\/www.moredadealava.com\/wp-content\/uploads\/2017\/10\/LogoPgou.jpg","contentUrl":"https:\/\/www.moredadealava.com\/wp-content\/uploads\/2017\/10\/LogoPgou.jpg","width":500,"height":257},{"@type":"WebPage","@id":"https:\/\/www.moredadealava.com\/eu\/udala\/pgou\/#webpage","url":"https:\/\/www.moredadealava.com\/eu\/udala\/pgou\/","name":"PGOU - Moreda Arabako Udala","isPartOf":{"@id":"https:\/\/www.moredadealava.com\/#website"},"primaryImageOfPage":{"@id":"https:\/\/www.moredadealava.com\/eu\/udala\/pgou\/#primaryimage"},"datePublished":"2017-10-11T09:37:53+00:00","dateModified":"2017-10-21T05:31:06+00:00","breadcrumb":{"@id":"https:\/\/www.moredadealava.com\/eu\/udala\/pgou\/#breadcrumb"},"inLanguage":"eu","potentialAction":[{"@type":"ReadAction","target":["https:\/\/www.moredadealava.com\/eu\/udala\/pgou\/"]}]},{"@type":"BreadcrumbList","@id":"https:\/\/www.moredadealava.com\/eu\/udala\/pgou\/#breadcrumb","itemListElement":[{"@type":"ListItem","position":1,"name":"Portada","item":"https:\/\/www.moredadealava.com\/"},{"@type":"ListItem","position":2,"name":"Udala","item":"https:\/\/www.moredadealava.com\/eu\/udala\/"},{"@type":"ListItem","position":3,"name":"PGOU"}]}]}},"_links":{"self":[{"href":"https:\/\/www.moredadealava.com\/eu\/wp-json\/wp\/v2\/pages\/1258"}],"collection":[{"href":"https:\/\/www.moredadealava.com\/eu\/wp-json\/wp\/v2\/pages"}],"about":[{"href":"https:\/\/www.moredadealava.com\/eu\/wp-json\/wp\/v2\/types\/page"}],"author":[{"embeddable":true,"href":"https:\/\/www.moredadealava.com\/eu\/wp-json\/wp\/v2\/users\/2"}],"replies":[{"embeddable":true,"href":"https:\/\/www.moredadealava.com\/eu\/wp-json\/wp\/v2\/comments?post=1258"}],"version-history":[{"count":3,"href":"https:\/\/www.moredadealava.com\/eu\/wp-json\/wp\/v2\/pages\/1258\/revisions"}],"predecessor-version":[{"id":1272,"href":"https:\/\/www.moredadealava.com\/eu\/wp-json\/wp\/v2\/pages\/1258\/revisions\/1272"}],"up":[{"embeddable":true,"href":"https:\/\/www.moredadealava.com\/eu\/wp-json\/wp\/v2\/pages\/288"}],"wp:attachment":[{"href":"https:\/\/www.moredadealava.com\/eu\/wp-json\/wp\/v2\/media?parent=1258"}],"curies":[{"name":"wp","href":"https:\/\/api.w.org\/{rel}","templated":true}]}}